{"id":371037,"date":"2024-09-12T20:58:51","date_gmt":"2024-09-12T20:58:51","guid":{"rendered":"https:\/\/museografica.com\/mus-stage?page_id=371037"},"modified":"2025-06-04T23:23:56","modified_gmt":"2025-06-04T23:23:56","slug":"inicio","status":"publish","type":"page","link":"https:\/\/museografica.com\/es\/","title":{"rendered":"Inicio"},"content":{"rendered":"<p>[et_pb_section fb_built=\u00bb1&#8243; fullwidth=\u00bbon\u00bb _builder_version=\u00bb4.27.0&#8243; _module_preset=\u00bbdefault\u00bb global_colors_info=\u00bb{}\u00bb][et_pb_fullwidth_slider use_bg_overlay=\u00bbon\u00bb bg_overlay_color=\u00bbrgba(63,57,57,0.4)\u00bb _builder_version=\u00bb4.27.4&#8243; _module_preset=\u00bbdefault\u00bb header_level=\u00bbh1&#8243; background_enable_image=\u00bboff\u00bb custom_button=\u00bbon\u00bb button_text_color=\u00bb#F2EFEF\u00bb button_bg_color=\u00bbRGBA(255,255,255,0)\u00bb button_border_width=\u00bb1px\u00bb button_icon=\u00bb&#x4c;||divi||400&#8243; button_icon_color=\u00bb#F2EFEF\u00bb button_on_hover=\u00bboff\u00bb text_orientation=\u00bbleft\u00bb width=\u00bb100%\u00bb content_width=\u00bb88%\u00bb auto=\u00bbon\u00bb auto_speed=\u00bb6000&#8243; custom_css_slide_description=\u00bbpadding-top: 36vw;||padding-bottom: 4vw;\u00bb custom_css_slide_button=\u00bbpadding-left: 200px;\u00bb global_colors_info=\u00bb{}\u00bb custom_css_slide_description_last_edited=\u00bbon|phone\u00bb custom_css_slide_description_tablet=\u00bbpadding-top: 36vw;||padding-bottom: 3vw;\u00bb custom_css_slide_description_phone=\u00bbpadding-top: 128vw;||padding-bottom: 3vw;\u00bb button_border_color__hover_enabled=\u00bbon|hover\u00bb button_border_color__hover=\u00bb#F2EFEF\u00bb][et_pb_slide button_text=\u00bbVer proyecto\u00bb button_link=\u00bb@ET-DC@eyJkeW5hbWljIjp0cnVlLCJjb250ZW50IjoicG9zdF9saW5rX3VybF9wcm9qZWN0Iiwic2V0dGluZ3MiOnsicG9zdF9pZCI6IjM3MTc2MCJ9fQ==@\u00bb use_bg_overlay=\u00bboff\u00bb admin_title=\u00bbMunal\u00bb _builder_version=\u00bb4.27.4&#8243; _dynamic_attributes=\u00bbbutton_link\u00bb _module_preset=\u00bbdefault\u00bb use_background_color_gradient=\u00bbon\u00bb background_color_gradient_stops=\u00bbrgba(63,57,57,0) 0%|rgba(63,57,57,0) 50%|rgba(63,57,57,0.8) 100%\u00bb background_color_gradient_overlays_image=\u00bbon\u00bb background_image=\u00bbhttps:\/\/museografica.com\/wp-content\/uploads\/2025\/01\/munal-mexico-3.jpg\u00bb background_enable_image=\u00bbon\u00bb global_colors_info=\u00bb{}\u00bb sticky_transition=\u00bbon\u00bb]<\/p>\n<h3>Museo Nacional de Arte<\/h3>\n<p>[\/et_pb_slide][et_pb_slide button_text=\u00bbVer proyecto\u00bb button_link=\u00bb@ET-DC@eyJkeW5hbWljIjp0cnVlLCJjb250ZW50IjoicG9zdF9saW5rX3VybF9wcm9qZWN0Iiwic2V0dGluZ3MiOnsicG9zdF9pZCI6IjM3MTc5NiJ9fQ==@\u00bb use_bg_overlay=\u00bboff\u00bb admin_title=\u00bbCimmyt\u00bb _builder_version=\u00bb4.27.4&#8243; _dynamic_attributes=\u00bbbutton_link\u00bb _module_preset=\u00bbdefault\u00bb background_enable_color=\u00bboff\u00bb use_background_color_gradient=\u00bbon\u00bb background_color_gradient_stops=\u00bbrgba(63,57,57,0) 0%|rgba(63,57,57,0) 50%|rgba(63,57,57,0.8) 100%\u00bb background_color_gradient_overlays_image=\u00bbon\u00bb background_image=\u00bbhttps:\/\/museografica.com\/wp-content\/uploads\/2025\/01\/CIMMYT-jpg-scaled.jpg\u00bb background_enable_image=\u00bbon\u00bb global_colors_info=\u00bb{}\u00bb sticky_transition=\u00bbon\u00bb]<\/p>\n<h3>Museo CIMMYT <\/h3>\n<p>[\/et_pb_slide][et_pb_slide button_text=\u00bbVer proyecto\u00bb button_link=\u00bb@ET-DC@eyJkeW5hbWljIjp0cnVlLCJjb250ZW50IjoicG9zdF9saW5rX3VybF9wcm9qZWN0Iiwic2V0dGluZ3MiOnsicG9zdF9pZCI6IjM3MTgyOCJ9fQ==@\u00bb use_bg_overlay=\u00bboff\u00bb admin_title=\u00bbMJAJ Digital\u00bb _builder_version=\u00bb4.27.4&#8243; _dynamic_attributes=\u00bbbutton_link\u00bb _module_preset=\u00bbdefault\u00bb background_enable_color=\u00bboff\u00bb use_background_color_gradient=\u00bbon\u00bb background_color_gradient_stops=\u00bbrgba(63,57,57,0) 0%|rgba(63,57,57,0) 50%|rgba(63,57,57,0.8) 100%\u00bb background_color_gradient_overlays_image=\u00bbon\u00bb background_image=\u00bbhttps:\/\/museografica.com\/wp-content\/uploads\/2025\/02\/museo-jose-alfredoi-jimenez-digital-6.jpg\u00bb background_enable_image=\u00bbon\u00bb global_colors_info=\u00bb{}\u00bb sticky_transition=\u00bbon\u00bb]<\/p>\n<h3>Espacios inmersivos, Museo Jos\u00e9 Alfredo Jim\u00e9nez <\/h3>\n<p>[\/et_pb_slide][et_pb_slide button_text=\u00bbVer proyecto\u00bb button_link=\u00bb@ET-DC@eyJkeW5hbWljIjp0cnVlLCJjb250ZW50IjoicG9zdF9saW5rX3VybF9wcm9qZWN0Iiwic2V0dGluZ3MiOnsicG9zdF9pZCI6IjM3MTUwOSJ9fQ==@\u00bb use_bg_overlay=\u00bboff\u00bb admin_title=\u00bbPronghorn Recovery\u00bb _builder_version=\u00bb4.27.4&#8243; _dynamic_attributes=\u00bbbutton_link\u00bb _module_preset=\u00bbdefault\u00bb background_enable_color=\u00bboff\u00bb use_background_color_gradient=\u00bbon\u00bb background_color_gradient_stops=\u00bbrgba(63,57,57,0) 0%|rgba(63,57,57,0) 50%|rgba(63,57,57,0.8) 100%\u00bb background_color_gradient_overlays_image=\u00bbon\u00bb background_image=\u00bbhttps:\/\/museografica.com\/wp-content\/uploads\/2025\/01\/berrendo-2.jpg\u00bb background_enable_image=\u00bbon\u00bb global_colors_info=\u00bb{}\u00bb sticky_transition=\u00bbon\u00bb]<\/p>\n<h3>Programa de recuperaci\u00f3n del Berrendo peninsular &#8211; Centro de Visitantes <\/h3>\n<p>[\/et_pb_slide][\/et_pb_fullwidth_slider][\/et_pb_section][et_pb_section fb_built=\u00bb1&#8243; _builder_version=\u00bb4.27.0&#8243; _module_preset=\u00bbdefault\u00bb background_color=\u00bb#5C5F64&#8243; global_colors_info=\u00bb{}\u00bb][et_pb_row column_structure=\u00bb3_5,2_5&#8243; _builder_version=\u00bb4.27.0&#8243; _module_preset=\u00bbdefault\u00bb global_colors_info=\u00bb{}\u00bb][et_pb_column type=\u00bb3_5&#8243; _builder_version=\u00bb4.27.0&#8243; _module_preset=\u00bbdefault\u00bb global_colors_info=\u00bb{}\u00bb][et_pb_text _builder_version=\u00bb4.27.0&#8243; _module_preset=\u00bbdefault\u00bb background_layout=\u00bbdark\u00bb custom_margin=\u00bb||0px||false|false\u00bb custom_padding=\u00bb||0px||false|false\u00bb global_colors_info=\u00bb{}\u00bb]<\/p>\n<h5>Una historia de m\u00e1s de 40 a\u00f1os<\/h5>\n<p>[\/et_pb_text][et_pb_text _builder_version=\u00bb4.27.0&#8243; _module_preset=\u00bbdefault\u00bb header_font=\u00bb|300|||||||\u00bb header_font_size=\u00bb46px\u00bb header_letter_spacing=\u00bb2px\u00bb background_layout=\u00bbdark\u00bb animation_style=\u00bbfade\u00bb global_colors_info=\u00bb{}\u00bb]<\/p>\n<h1>Una firma de clase mundial<\/h1>\n<p>[\/et_pb_text][et_pb_text _builder_version=\u00bb4.27.2&#8243; _module_preset=\u00bbdefault\u00bb text_font_size=\u00bb18px\u00bb text_line_height=\u00bb1.8em\u00bb background_layout=\u00bbdark\u00bb global_colors_info=\u00bb{}\u00bb]<\/p>\n<p>MUSEOGR\u00c1FICA es una empresa privada fundada en M\u00e9xico que presta servicios profesionales para la planeaci\u00f3n, dise\u00f1o y realizaci\u00f3n de museos y exposiciones. La firma ofrece a sus clientes servicios integrales, abarcando todas las fases del proceso museogr\u00e1fico, desde los estudios de factibilidad iniciales hasta la puesta en operaci\u00f3n de las obras. <\/p>\n<p>Somos un selecto grupo de profesionales, integrado por muse\u00f3grafos, arquitectos, dise\u00f1adores gr\u00e1ficos, artistas visuales y expertos en multimedia, a cuyo cargo se encuentra la programaci\u00f3n, dise\u00f1o y supervisi\u00f3n de los proyectos que le son encomendados.<\/p>\n<p>La experiencia conjunta de sus miembros comprende muchos a\u00f1os de actividades en los sectores p\u00fablico y privado, cubriendo pr\u00e1cticamente todos los aspectos del dise\u00f1o, planificaci\u00f3n, organizaci\u00f3n, promoci\u00f3n y operaci\u00f3n de museos.<\/p>\n<p>Museogr\u00e1fica fue la primera empresa en su g\u00e9nero en M\u00e9xico y ha sido pionera en la utilizaci\u00f3n, en todo tipo de museos, de ambientaciones tem\u00e1ticas y medios audiovisuales e interactivos, que hoy en d\u00eda son usuales en la comunicaci\u00f3n museogr\u00e1fica.<\/p>\n<p>A lo largo de sus m\u00e1s de 40 a\u00f1os de actividad, ha realizado la planeaci\u00f3n, dise\u00f1o y producci\u00f3n de las exposiciones permanentes de algunos de los principales museos de M\u00e9xico y de otros pa\u00edses, que abarcan una amplia variedad de tipolog\u00edas, temas y dimensiones.<\/p>\n<p>La firma es reconocida por la realizaci\u00f3n de importantes museos y exposiciones que combinan la presentaci\u00f3n de objetos de colecci\u00f3n y complejos contenidos did\u00e1cticos, con la creaci\u00f3n de espacios museogr\u00e1ficos vanguardistas, con excelencia en la calidad de sus conceptos y dise\u00f1os que trascienden en el tiempo.<\/p>\n<p>[\/et_pb_text][et_pb_button button_url=\u00bb@ET-DC@eyJkeW5hbWljIjp0cnVlLCJjb250ZW50IjoicG9zdF9saW5rX3VybF9wYWdlIiwic2V0dGluZ3MiOnsicG9zdF9pZCI6IjM3MTEyNiJ9fQ==@\u00bb button_text=\u00bbServicios\u00bb _builder_version=\u00bb4.27.2&#8243; _dynamic_attributes=\u00bbbutton_url\u00bb _module_preset=\u00bbdefault\u00bb custom_button=\u00bbon\u00bb button_text_color=\u00bb#F2EFEF\u00bb button_bg_color=\u00bbRGBA(255,255,255,0)\u00bb button_border_color=\u00bb#F2EFEF\u00bb button_icon_color=\u00bb#F2EFEF\u00bb global_colors_info=\u00bb{}\u00bb button_border_color__hover_enabled=\u00bbon|hover\u00bb button_border_color__hover=\u00bb#F2EFEF\u00bb][\/et_pb_button][\/et_pb_column][et_pb_column type=\u00bb2_5&#8243; _builder_version=\u00bb4.27.0&#8243; _module_preset=\u00bbdefault\u00bb global_colors_info=\u00bb{}\u00bb][\/et_pb_column][\/et_pb_row][et_pb_row _builder_version=\u00bb4.27.0&#8243; _module_preset=\u00bbdefault\u00bb global_colors_info=\u00bb{}\u00bb][et_pb_column type=\u00bb4_4&#8243; _builder_version=\u00bb4.27.0&#8243; _module_preset=\u00bbdefault\u00bb global_colors_info=\u00bb{}\u00bb][dipl_logo_slider logo_per_slide=\u00bb4&#8243; space_between_slides=\u00bb20px\u00bb slide_image_width=\u00bb120px\u00bb arrow_color=\u00bb#F2EFEF\u00bb control_dot_active_color=\u00bb#F2EFEF\u00bb control_dot_inactive_color=\u00bb#D9D7D7&#8243; logo_per_slide_tablet=\u00bb3&#8243; logo_per_slide_phone=\u00bb1&#8243; _builder_version=\u00bb4.27.4&#8243; _module_preset=\u00bbdefault\u00bb global_colors_info=\u00bb{}\u00bb][dipl_logo_slider_item logo_alt=\u00bbLA Zoo\u00bb upload_logo_image=\u00bbhttps:\/\/museografica.com\/wp-content\/uploads\/2024\/09\/Artboard-1-768&#215;491-1-300&#215;128.png\u00bb _builder_version=\u00bb4.27.0&#8243; _module_preset=\u00bbdefault\u00bb global_colors_info=\u00bb{}\u00bb][\/dipl_logo_slider_item][dipl_logo_slider_item logo_alt=\u00bbIOC\u00bb upload_logo_image=\u00bbhttps:\/\/museografica.com\/wp-content\/uploads\/2024\/09\/ioc-logo.svg\u00bb _builder_version=\u00bb4.27.0&#8243; _module_preset=\u00bbdefault\u00bb global_colors_info=\u00bb{}\u00bb][\/dipl_logo_slider_item][dipl_logo_slider_item logo_alt=\u00bbCimmyt\u00bb upload_logo_image=\u00bbhttps:\/\/museografica.com\/wp-content\/uploads\/2024\/09\/cimmyt_logo.png\u00bb _builder_version=\u00bb4.27.0&#8243; _module_preset=\u00bbdefault\u00bb global_colors_info=\u00bb{}\u00bb][\/dipl_logo_slider_item][dipl_logo_slider_item logo_alt=\u00bbMNA\u00bb upload_logo_image=\u00bbhttps:\/\/museografica.com\/wp-content\/uploads\/2024\/09\/logo_MNA.png\u00bb _builder_version=\u00bb4.27.4&#8243; _module_preset=\u00bbdefault\u00bb global_colors_info=\u00bb{}\u00bb][\/dipl_logo_slider_item][dipl_logo_slider_item logo_alt=\u00bbUNAM\u00bb upload_logo_image=\u00bbhttps:\/\/museografica.com\/wp-content\/uploads\/2025\/02\/UNAM-hr.svg\u00bb _builder_version=\u00bb4.27.4&#8243; _module_preset=\u00bbdefault\u00bb global_colors_info=\u00bb{}\u00bb][\/dipl_logo_slider_item][dipl_logo_slider_item logo_alt=\u00bbAsociaci\u00f3n Ferrocarriles\u00bb upload_logo_image=\u00bbhttps:\/\/museografica.com\/wp-content\/uploads\/2024\/09\/logo_AMF.png\u00bb _builder_version=\u00bb4.27.4&#8243; _module_preset=\u00bbdefault\u00bb global_colors_info=\u00bb{}\u00bb][\/dipl_logo_slider_item][dipl_logo_slider_item logo_alt=\u00bbGobierno Mx\u00bb upload_logo_image=\u00bbhttps:\/\/museografica.com\/wp-content\/uploads\/2025\/02\/logo-gob-mx.svg\u00bb _builder_version=\u00bb4.27.4&#8243; _module_preset=\u00bbdefault\u00bb global_colors_info=\u00bb{}\u00bb][\/dipl_logo_slider_item][dipl_logo_slider_item logo_alt=\u00bbINBAL\u00bb upload_logo_image=\u00bbhttps:\/\/museografica.com\/wp-content\/uploads\/2025\/02\/logo-inba.png\u00bb _builder_version=\u00bb4.27.4&#8243; _module_preset=\u00bbdefault\u00bb global_colors_info=\u00bb{}\u00bb][\/dipl_logo_slider_item][dipl_logo_slider_item logo_alt=\u00bbINAH\u00bb upload_logo_image=\u00bbhttps:\/\/museografica.com\/wp-content\/uploads\/2025\/02\/LogoINAH_blanco.png\u00bb _builder_version=\u00bb4.27.4&#8243; _module_preset=\u00bbdefault\u00bb global_colors_info=\u00bb{}\u00bb][\/dipl_logo_slider_item][\/dipl_logo_slider][\/et_pb_column][\/et_pb_row][\/et_pb_section][et_pb_section fb_built=\u00bb1&#8243; _builder_version=\u00bb4.27.0&#8243; _module_preset=\u00bbdefault\u00bb background_color=\u00bb#F2EFEF\u00bb global_colors_info=\u00bb{}\u00bb][et_pb_row _builder_version=\u00bb4.27.0&#8243; _module_preset=\u00bbdefault\u00bb global_colors_info=\u00bb{}\u00bb][et_pb_column type=\u00bb4_4&#8243; _builder_version=\u00bb4.27.0&#8243; _module_preset=\u00bbdefault\u00bb global_colors_info=\u00bb{}\u00bb][et_pb_text _builder_version=\u00bb4.27.0&#8243; _module_preset=\u00bbdefault\u00bb header_font=\u00bb|300|||||||\u00bb header_font_size=\u00bb46px\u00bb header_letter_spacing=\u00bb2px\u00bb animation_style=\u00bbfade\u00bb global_colors_info=\u00bb{}\u00bb]<\/p>\n<h1>Proyectos<\/h1>\n<p>[\/et_pb_text][\/et_pb_column][\/et_pb_row][et_pb_row column_structure=\u00bb1_2,1_2&#8243; _builder_version=\u00bb4.27.0&#8243; _module_preset=\u00bbdefault\u00bb animation_style=\u00bbslide\u00bb animation_direction=\u00bbleft\u00bb animation_intensity_slide=\u00bb20%\u00bb global_colors_info=\u00bb{}\u00bb][et_pb_column type=\u00bb1_2&#8243; _builder_version=\u00bb4.27.0&#8243; _module_preset=\u00bbdefault\u00bb animation_style=\u00bbfade\u00bb animation_direction=\u00bbleft\u00bb global_colors_info=\u00bb{}\u00bb][et_pb_image src=\u00bbhttps:\/\/museografica.com\/wp-content\/uploads\/2025\/02\/TELEGRAFO-0.jpg\u00bb title_text=\u00bbTELEGRAFO-0&#8243; url=\u00bb@ET-DC@eyJkeW5hbWljIjp0cnVlLCJjb250ZW50IjoicG9zdF9saW5rX3VybF9wcm9qZWN0Iiwic2V0dGluZ3MiOnsicG9zdF9pZCI6IjM3MTM2MSJ9fQ==@\u00bb show_bottom_space=\u00bboff\u00bb force_fullwidth=\u00bbon\u00bb _builder_version=\u00bb4.27.2&#8243; _dynamic_attributes=\u00bburl\u00bb _module_preset=\u00bbdefault\u00bb width_tablet=\u00bb480px\u00bb width_phone=\u00bb480px\u00bb width_last_edited=\u00bbon|phone\u00bb height_last_edited=\u00bboff|tablet\u00bb custom_margin=\u00bb||8px||false|false\u00bb global_colors_info=\u00bb{}\u00bb height__hover_enabled=\u00bboff|desktop\u00bb][\/et_pb_image][et_pb_heading title=\u00bbMuseo del Tel\u00e9grafo\u00bb _builder_version=\u00bb4.27.4&#8243; _module_preset=\u00bbdefault\u00bb title_level=\u00bbh4&#8243; custom_margin=\u00bb4px||4px||false|false\u00bb custom_padding=\u00bb12px||4px||false|false\u00bb global_colors_info=\u00bb{}\u00bb][\/et_pb_heading][et_pb_button button_url=\u00bb@ET-DC@eyJkeW5hbWljIjp0cnVlLCJjb250ZW50IjoicG9zdF9saW5rX3VybF9wcm9qZWN0Iiwic2V0dGluZ3MiOnsicG9zdF9pZCI6IjM3MTk1MyJ9fQ==@\u00bb button_text=\u00bbVer m\u00e1s\u00bb _builder_version=\u00bb4.27.2&#8243; _dynamic_attributes=\u00bbbutton_url\u00bb _module_preset=\u00bbdefault\u00bb global_colors_info=\u00bb{}\u00bb][\/et_pb_button][\/et_pb_column][et_pb_column type=\u00bb1_2&#8243; _builder_version=\u00bb4.27.0&#8243; _module_preset=\u00bbdefault\u00bb global_colors_info=\u00bb{}\u00bb][et_pb_image src=\u00bbhttps:\/\/museografica.com\/wp-content\/uploads\/2025\/02\/museo-jose-alfredoi-jimenez-digital-8.jpg\u00bb title_text=\u00bbmuseo-jose-alfredoi-jimenez-digital-8&#8243; url=\u00bb@ET-DC@eyJkeW5hbWljIjp0cnVlLCJjb250ZW50IjoicG9zdF9saW5rX3VybF9wcm9qZWN0Iiwic2V0dGluZ3MiOnsicG9zdF9pZCI6IjM3MTA1MSJ9fQ==@\u00bb show_bottom_space=\u00bboff\u00bb _builder_version=\u00bb4.27.2&#8243; _dynamic_attributes=\u00bburl\u00bb _module_preset=\u00bbdefault\u00bb height=\u00bb340px\u00bb custom_margin=\u00bb||8px||false|false\u00bb global_colors_info=\u00bb{}\u00bb][\/et_pb_image][et_pb_heading title=\u00bbExperiencias digitales, Museo Jos\u00e9 Alfredo Jim\u00e9nez\u00bb _builder_version=\u00bb4.27.4&#8243; _module_preset=\u00bbdefault\u00bb title_level=\u00bbh4&#8243; custom_margin=\u00bb4px||4px||false|false\u00bb custom_padding=\u00bb12px||4px||false|false\u00bb global_colors_info=\u00bb{}\u00bb][\/et_pb_heading][et_pb_button button_url=\u00bb@ET-DC@eyJkeW5hbWljIjp0cnVlLCJjb250ZW50IjoicG9zdF9saW5rX3VybF9wcm9qZWN0Iiwic2V0dGluZ3MiOnsicG9zdF9pZCI6IjM3MTgyOCJ9fQ==@\u00bb button_text=\u00bbVer m\u00e1s\u00bb _builder_version=\u00bb4.27.2&#8243; _dynamic_attributes=\u00bbbutton_url\u00bb _module_preset=\u00bbdefault\u00bb global_colors_info=\u00bb{}\u00bb][\/et_pb_button][\/et_pb_column][\/et_pb_row][et_pb_row column_structure=\u00bb2_5,3_5&#8243; _builder_version=\u00bb4.27.0&#8243; _module_preset=\u00bbdefault\u00bb animation_style=\u00bbslide\u00bb animation_direction=\u00bbright\u00bb animation_intensity_slide=\u00bb20%\u00bb global_colors_info=\u00bb{}\u00bb][et_pb_column type=\u00bb2_5&#8243; _builder_version=\u00bb4.27.0&#8243; _module_preset=\u00bbdefault\u00bb animation_style=\u00bbfade\u00bb animation_direction=\u00bbleft\u00bb global_colors_info=\u00bb{}\u00bb][et_pb_image src=\u00bbhttps:\/\/museografica.com\/wp-content\/uploads\/2025\/02\/MAP-scaled-1.jpg\u00bb title_text=\u00bbMAP-scaled\u00bb url=\u00bb@ET-DC@eyJkeW5hbWljIjp0cnVlLCJjb250ZW50IjoicG9zdF9saW5rX3VybF9wcm9qZWN0Iiwic2V0dGluZ3MiOnsicG9zdF9pZCI6IjM3MTIzNyJ9fQ==@\u00bb show_bottom_space=\u00bboff\u00bb _builder_version=\u00bb4.27.2&#8243; _dynamic_attributes=\u00bburl\u00bb _module_preset=\u00bbdefault\u00bb width_tablet=\u00bb480px\u00bb width_phone=\u00bb480px\u00bb width_last_edited=\u00bbon|phone\u00bb height_last_edited=\u00bboff|tablet\u00bb max_height=\u00bb340px\u00bb custom_margin=\u00bb||8px||false|false\u00bb global_colors_info=\u00bb{}\u00bb height__hover_enabled=\u00bboff|desktop\u00bb][\/et_pb_image][et_pb_heading title=\u00bbMuseo de Arte Popular\u00bb _builder_version=\u00bb4.27.4&#8243; _module_preset=\u00bbdefault\u00bb title_level=\u00bbh4&#8243; custom_margin=\u00bb4px||4px||false|false\u00bb custom_padding=\u00bb12px||4px||false|false\u00bb global_colors_info=\u00bb{}\u00bb][\/et_pb_heading][et_pb_button button_url=\u00bb@ET-DC@eyJkeW5hbWljIjp0cnVlLCJjb250ZW50IjoicG9zdF9saW5rX3VybF9wcm9qZWN0Iiwic2V0dGluZ3MiOnsicG9zdF9pZCI6IjM3MTgwNyJ9fQ==@\u00bb button_text=\u00bbVer m\u00e1s\u00bb _builder_version=\u00bb4.27.2&#8243; _dynamic_attributes=\u00bbbutton_url\u00bb _module_preset=\u00bbdefault\u00bb global_colors_info=\u00bb{}\u00bb][\/et_pb_button][\/et_pb_column][et_pb_column type=\u00bb3_5&#8243; _builder_version=\u00bb4.27.0&#8243; _module_preset=\u00bbdefault\u00bb global_colors_info=\u00bb{}\u00bb][et_pb_image src=\u00bbhttps:\/\/museografica.com\/wp-content\/uploads\/2025\/01\/berrendo-1.jpg\u00bb title_text=\u00bbberrendo-1&#8243; url=\u00bb@ET-DC@eyJkeW5hbWljIjp0cnVlLCJjb250ZW50IjoicG9zdF9saW5rX3VybF9wcm9qZWN0Iiwic2V0dGluZ3MiOnsicG9zdF9pZCI6IjM3MTI1OCJ9fQ==@\u00bb show_bottom_space=\u00bboff\u00bb _builder_version=\u00bb4.27.2&#8243; _dynamic_attributes=\u00bburl\u00bb _module_preset=\u00bbdefault\u00bb max_height=\u00bb340px\u00bb custom_margin=\u00bb||8px||false|false\u00bb global_colors_info=\u00bb{}\u00bb][\/et_pb_image][et_pb_heading title=\u00bbCentro de Visitantes del Programa del Berrendo Peninsular\u00bb _builder_version=\u00bb4.27.4&#8243; _module_preset=\u00bbdefault\u00bb title_level=\u00bbh4&#8243; custom_margin=\u00bb4px||4px||false|false\u00bb custom_padding=\u00bb12px||4px||false|false\u00bb global_colors_info=\u00bb{}\u00bb][\/et_pb_heading][et_pb_button button_url=\u00bb@ET-DC@eyJkeW5hbWljIjp0cnVlLCJjb250ZW50IjoicG9zdF9saW5rX3VybF9wcm9qZWN0Iiwic2V0dGluZ3MiOnsicG9zdF9pZCI6IjM3MTUwOSJ9fQ==@\u00bb button_text=\u00bbVer m\u00e1s\u00bb _builder_version=\u00bb4.27.2&#8243; _dynamic_attributes=\u00bbbutton_url\u00bb _module_preset=\u00bbdefault\u00bb global_colors_info=\u00bb{}\u00bb][\/et_pb_button][\/et_pb_column][\/et_pb_row][\/et_pb_section][et_pb_section fb_built=\u00bb1&#8243; _builder_version=\u00bb4.27.0&#8243; _module_preset=\u00bbdefault\u00bb global_colors_info=\u00bb{}\u00bb][et_pb_row _builder_version=\u00bb4.27.0&#8243; _module_preset=\u00bbdefault\u00bb global_colors_info=\u00bb{}\u00bb][et_pb_column type=\u00bb4_4&#8243; _builder_version=\u00bb4.27.0&#8243; _module_preset=\u00bbdefault\u00bb global_colors_info=\u00bb{}\u00bb][et_pb_text _builder_version=\u00bb4.27.0&#8243; _module_preset=\u00bbdefault\u00bb custom_margin=\u00bb||0px||false|false\u00bb custom_padding=\u00bb||0px||false|false\u00bb global_colors_info=\u00bb{}\u00bb]<\/p>\n<h5>P\u00f3ngase en contacto<\/h5>\n<p>[\/et_pb_text][et_pb_text _builder_version=\u00bb4.27.0&#8243; _module_preset=\u00bbdefault\u00bb header_font=\u00bb|300|||||||\u00bb header_font_size=\u00bb46px\u00bb header_letter_spacing=\u00bb2px\u00bb animation_style=\u00bbfade\u00bb global_colors_info=\u00bb{}\u00bb]<\/p>\n<h1>Cont\u00e1ctenos<\/h1>\n<p>[\/et_pb_text][\/et_pb_column][\/et_pb_row][et_pb_row column_structure=\u00bb1_2,1_2&#8243; _builder_version=\u00bb4.27.0&#8243; _module_preset=\u00bbdefault\u00bb global_colors_info=\u00bb{}\u00bb][et_pb_column type=\u00bb1_2&#8243; _builder_version=\u00bb4.27.0&#8243; _module_preset=\u00bbdefault\u00bb global_colors_info=\u00bb{}\u00bb][wpforms_selector form_id=\u00bb371076&#8243; _builder_version=\u00bb4.27.0&#8243; _module_preset=\u00bbdefault\u00bb saved_tabs=\u00bball\u00bb global_colors_info=\u00bb{}\u00bb][\/wpforms_selector][\/et_pb_column][et_pb_column type=\u00bb1_2&#8243; _builder_version=\u00bb4.27.0&#8243; _module_preset=\u00bbdefault\u00bb global_colors_info=\u00bb{}\u00bb][et_pb_image src=\u00bbhttps:\/\/museografica.com\/wp-content\/uploads\/2025\/02\/detalle-museo-revolcuion.jpg\u00bb title_text=\u00bbdetalle-museo-revolcuion\u00bb _builder_version=\u00bb4.27.2&#8243; _module_preset=\u00bbdefault\u00bb max_height=\u00bb640px\u00bb global_colors_info=\u00bb{}\u00bb][\/et_pb_image][\/et_pb_column][\/et_pb_row][\/et_pb_section]<\/p>\n","protected":false},"excerpt":{"rendered":"<p>Museo Nacional de ArteMuseo CIMMYT Espacios inmersivos, Museo Jos\u00e9 Alfredo Jim\u00e9nez Programa de recuperaci\u00f3n del Berrendo peninsular &#8211; Centro de Visitantes Una historia de m\u00e1s de 40 a\u00f1osUna firma de clase mundialMUSEOGR\u00c1FICA es una empresa privada fundada en M\u00e9xico que presta servicios profesionales para la planeaci\u00f3n, dise\u00f1o y realizaci\u00f3n de museos y exposiciones. La firma [&hellip;]<\/p>\n","protected":false},"author":1,"featured_media":0,"parent":0,"menu_order":0,"comment_status":"closed","ping_status":"closed","template":"","meta":{"_et_pb_use_builder":"on","_et_pb_old_content":"","_et_gb_content_width":"","footnotes":""},"class_list":["post-371037","page","type-page","status-publish","hentry"],"_links":{"self":[{"href":"https:\/\/museografica.com\/es\/wp-json\/wp\/v2\/pages\/371037","targetHints":{"allow":["GET"]}}],"collection":[{"href":"https:\/\/museografica.com\/es\/wp-json\/wp\/v2\/pages"}],"about":[{"href":"https:\/\/museografica.com\/es\/wp-json\/wp\/v2\/types\/page"}],"author":[{"embeddable":true,"href":"https:\/\/museografica.com\/es\/wp-json\/wp\/v2\/users\/1"}],"replies":[{"embeddable":true,"href":"https:\/\/museografica.com\/es\/wp-json\/wp\/v2\/comments?post=371037"}],"version-history":[{"count":19,"href":"https:\/\/museografica.com\/es\/wp-json\/wp\/v2\/pages\/371037\/revisions"}],"predecessor-version":[{"id":372557,"href":"https:\/\/museografica.com\/es\/wp-json\/wp\/v2\/pages\/371037\/revisions\/372557"}],"wp:attachment":[{"href":"https:\/\/museografica.com\/es\/wp-json\/wp\/v2\/media?parent=371037"}],"curies":[{"name":"wp","href":"https:\/\/api.w.org\/{rel}","templated":true}]}}