{"id":372000,"date":"2024-10-08T21:44:31","date_gmt":"2024-10-08T21:44:31","guid":{"rendered":"https:\/\/museografica.com\/mus-stage\/division-digital\/"},"modified":"2025-02-13T18:28:44","modified_gmt":"2025-02-13T18:28:44","slug":"division-digital","status":"publish","type":"page","link":"https:\/\/museografica.com\/es\/division-digital\/","title":{"rendered":"Divisi\u00f3n Digital"},"content":{"rendered":"<p>[et_pb_section fb_built=\u00bb1&#8243; fullwidth=\u00bbon\u00bb _builder_version=\u00bb4.27.2&#8243; _module_preset=\u00bbdefault\u00bb global_colors_info=\u00bb{}\u00bb][et_pb_fullwidth_header title=\u00bbDivisi\u00f3n Digital Museogr\u00e1fica\u00bb subhead=\u00bbLa tecnolog\u00eda al servicio de los museos\u00bb text_orientation=\u00bbcenter\u00bb header_scroll_down=\u00bbon\u00bb scroll_down_icon=\u00bb%%1%%\u00bb button_one_text=\u00bbCont\u00e1ctenos\u00bb background_overlay_color=\u00bbrgba(26,39,73,0.7)\u00bb _builder_version=\u00bb4.27.4&#8243; _module_preset=\u00bbdefault\u00bb title_font_size=\u00bb42px\u00bb subhead_font_size=\u00bb21px\u00bb background_video_mp4=\u00bbhttps:\/\/museografica.com\/wp-content\/uploads\/2025\/02\/jose-alfredo-jimenez-museografica-site.mp4&#8243; custom_padding=\u00bb128px||128px||false|false\u00bb hover_enabled=\u00bb0&#8243; global_colors_info=\u00bb{}\u00bb sticky_enabled=\u00bb0&#8243;][\/et_pb_fullwidth_header][\/et_pb_section][et_pb_section fb_built=\u00bb1&#8243; _builder_version=\u00bb4.27.2&#8243; _module_preset=\u00bbdefault\u00bb global_colors_info=\u00bb{}\u00bb][et_pb_row _builder_version=\u00bb4.27.2&#8243; _module_preset=\u00bbdefault\u00bb global_colors_info=\u00bb{}\u00bb][et_pb_column type=\u00bb4_4&#8243; _builder_version=\u00bb4.27.2&#8243; _module_preset=\u00bbdefault\u00bb global_colors_info=\u00bb{}\u00bb][et_pb_text _builder_version=\u00bb4.27.2&#8243; _module_preset=\u00bbdefault\u00bb global_colors_info=\u00bb{}\u00bb]<\/p>\n<h2>Servicios digitales<\/h2>\n<p>[\/et_pb_text][et_pb_text _builder_version=\u00bb4.27.2&#8243; _module_preset=\u00bbdefault\u00bb text_font_size=\u00bb16px\u00bb global_colors_info=\u00bb{}\u00bb]La divisi\u00f3n digital de Museogr\u00e1fica mejora las experiencias de los visitantes mediante tecnolog\u00eda innovadora. Ofrecemos gesti\u00f3n de contenidos digitales, gu\u00edas interactivas y se\u00f1alizaci\u00f3n digital, asegurando el uso de manera intuitiva. Con GPS y sensores de proximidad, escaneado de contenidos QR, realidad aumentada y espacios virtuales, damos vida a las exposiciones. Nuestras aplicaciones iOS\/Android y el desarrollo web proporcionan accesibilidad e inmersi\u00f3n para todos los p\u00fablicos.[\/et_pb_text][dipl_list _builder_version=\u00bb4.27.2&#8243; _module_preset=\u00bbdefault\u00bb animation_style=\u00bbfade\u00bb global_colors_info=\u00bb{}\u00bb][dipl_list_item item_name=\u00bb<\/p>\n<p>Digital content management<\/p>\n<p>\u00bb _builder_version=\u00bb4.27.2&#8243; _module_preset=\u00bbdefault\u00bb global_colors_info=\u00bb{}\u00bb][\/dipl_list_item][dipl_list_item item_name=\u00bb<\/p>\n<p>Digital guides<\/p>\n<p>\u00bb _builder_version=\u00bb4.27.2&#8243; _module_preset=\u00bbdefault\u00bb global_colors_info=\u00bb{}\u00bb][\/dipl_list_item][dipl_list_item item_name=\u00bb<\/p>\n<p>Digital signage<\/p>\n<p>\u00bb _builder_version=\u00bb4.27.2&#8243; _module_preset=\u00bbdefault\u00bb global_colors_info=\u00bb{}\u00bb][\/dipl_list_item][dipl_list_item item_name=\u00bb<\/p>\n<p>GPS and proximity sensors<\/p>\n<p>\u00bb _builder_version=\u00bb4.27.2&#8243; _module_preset=\u00bbdefault\u00bb global_colors_info=\u00bb{}\u00bb][\/dipl_list_item][dipl_list_item item_name=\u00bb<\/p>\n<p>Contents by digital scanning<\/p>\n<p>\u00bb _builder_version=\u00bb4.27.2&#8243; _module_preset=\u00bbdefault\u00bb global_colors_info=\u00bb{}\u00bb][\/dipl_list_item][dipl_list_item item_name=\u00bb<\/p>\n<p>Augmented Reality<\/p>\n<p>\u00bb _builder_version=\u00bb4.27.2&#8243; _module_preset=\u00bbdefault\u00bb global_colors_info=\u00bb{}\u00bb][\/dipl_list_item][dipl_list_item item_name=\u00bb<\/p>\n<p>Virtual spaces<\/p>\n<p>\u00bb _builder_version=\u00bb4.27.2&#8243; _module_preset=\u00bbdefault\u00bb global_colors_info=\u00bb{}\u00bb][\/dipl_list_item][dipl_list_item item_name=\u00bb<\/p>\n<p>iOS\/Android Apps<\/p>\n<p>\u00bb _builder_version=\u00bb4.27.2&#8243; _module_preset=\u00bbdefault\u00bb global_colors_info=\u00bb{}\u00bb][\/dipl_list_item][dipl_list_item item_name=\u00bbWeb design and web development\u00bb _builder_version=\u00bb4.27.2&#8243; _module_preset=\u00bbdefault\u00bb global_colors_info=\u00bb{}\u00bb][\/dipl_list_item][\/dipl_list][\/et_pb_column][\/et_pb_row][et_pb_row _builder_version=\u00bb4.27.2&#8243; _module_preset=\u00bbdefault\u00bb global_colors_info=\u00bb{}\u00bb][et_pb_column type=\u00bb4_4&#8243; _builder_version=\u00bb4.27.2&#8243; _module_preset=\u00bbdefault\u00bb global_colors_info=\u00bb{}\u00bb][et_pb_text _builder_version=\u00bb4.27.2&#8243; _module_preset=\u00bbdefault\u00bb global_colors_info=\u00bb{}\u00bb]<\/p>\n<h2>Selecci\u00f3n de Proyectos Digitales<\/h2>\n<p>[\/et_pb_text][et_pb_portfolio fullwidth=\u00bboff\u00bb include_categories=\u00bb21&#8243; show_categories=\u00bboff\u00bb zoom_icon_color=\u00bb#F2EFEF\u00bb hover_overlay_color=\u00bbrgba(54,55,56,0.7)\u00bb hover_icon=\u00bb&#x4c;||divi||400&#8243; module_class=\u00bbthree-column-portfolio\u00bb _builder_version=\u00bb4.27.2&#8243; _module_preset=\u00bbdefault\u00bb global_colors_info=\u00bb{}\u00bb][\/et_pb_portfolio][\/et_pb_column][\/et_pb_row][\/et_pb_section]<\/p>\n","protected":false},"excerpt":{"rendered":"<p>Servicios digitalesLa divisi\u00f3n digital de Museogr\u00e1fica mejora las experiencias de los visitantes mediante tecnolog\u00eda innovadora. Ofrecemos gesti\u00f3n de contenidos digitales, gu\u00edas interactivas y se\u00f1alizaci\u00f3n digital, asegurando el uso de manera intuitiva. Con GPS y sensores de proximidad, escaneado de contenidos QR, realidad aumentada y espacios virtuales, damos vida a las exposiciones. Nuestras aplicaciones iOS\/Android y [&hellip;]<\/p>\n","protected":false},"author":1,"featured_media":0,"parent":0,"menu_order":0,"comment_status":"closed","ping_status":"closed","template":"","meta":{"_et_pb_use_builder":"on","_et_pb_old_content":"","_et_gb_content_width":"","footnotes":""},"class_list":["post-372000","page","type-page","status-publish","hentry"],"_links":{"self":[{"href":"https:\/\/museografica.com\/es\/wp-json\/wp\/v2\/pages\/372000","targetHints":{"allow":["GET"]}}],"collection":[{"href":"https:\/\/museografica.com\/es\/wp-json\/wp\/v2\/pages"}],"about":[{"href":"https:\/\/museografica.com\/es\/wp-json\/wp\/v2\/types\/page"}],"author":[{"embeddable":true,"href":"https:\/\/museografica.com\/es\/wp-json\/wp\/v2\/users\/1"}],"replies":[{"embeddable":true,"href":"https:\/\/museografica.com\/es\/wp-json\/wp\/v2\/comments?post=372000"}],"version-history":[{"count":8,"href":"https:\/\/museografica.com\/es\/wp-json\/wp\/v2\/pages\/372000\/revisions"}],"predecessor-version":[{"id":372325,"href":"https:\/\/museografica.com\/es\/wp-json\/wp\/v2\/pages\/372000\/revisions\/372325"}],"wp:attachment":[{"href":"https:\/\/museografica.com\/es\/wp-json\/wp\/v2\/media?parent=372000"}],"curies":[{"name":"wp","href":"https:\/\/api.w.org\/{rel}","templated":true}]}}