{"id":372006,"date":"2024-10-08T01:44:02","date_gmt":"2024-10-08T01:44:02","guid":{"rendered":"https:\/\/museografica.com\/mus-stage\/proyectos\/"},"modified":"2025-02-13T18:12:50","modified_gmt":"2025-02-13T18:12:50","slug":"proyectos","status":"publish","type":"page","link":"https:\/\/museografica.com\/es\/proyectos\/","title":{"rendered":"Proyectos"},"content":{"rendered":"<p>[et_pb_section fb_built=\u00bb1&#8243; custom_padding_last_edited=\u00bbon|desktop\u00bb _builder_version=\u00bb4.27.4&#8243; _module_preset=\u00bbdefault\u00bb background_image=\u00bbhttps:\/\/museografica.com\/wp-content\/uploads\/2025\/02\/MAPjpg-scaled-1.jpg\u00bb background_enable_mask_style=\u00bbon\u00bb background_mask_style=\u00bbcorner-square\u00bb custom_padding=\u00bb||12px||false|false\u00bb custom_padding_tablet=\u00bb||12px||false|false\u00bb custom_padding_phone=\u00bb||0px||false|false\u00bb background_last_edited=\u00bbon|desktop\u00bb background_enable_image_tablet=\u00bboff\u00bb global_colors_info=\u00bb{}\u00bb][et_pb_row _builder_version=\u00bb4.27.0&#8243; _module_preset=\u00bbdefault\u00bb global_colors_info=\u00bb{}\u00bb][et_pb_column type=\u00bb4_4&#8243; _builder_version=\u00bb4.27.0&#8243; _module_preset=\u00bbdefault\u00bb global_colors_info=\u00bb{}\u00bb][et_pb_text _builder_version=\u00bb4.27.4&#8243; _module_preset=\u00bbdefault\u00bb custom_margin=\u00bb||0px||false|false\u00bb custom_padding=\u00bb||0px||false|false\u00bb hover_enabled=\u00bb0&#8243; global_colors_info=\u00bb{}\u00bb sticky_enabled=\u00bb0&#8243;]<\/p>\n<h5>40 a\u00f1os de experiencia<\/h5>\n<p>[\/et_pb_text][et_pb_text _builder_version=\u00bb4.27.0&#8243; _module_preset=\u00bbdefault\u00bb header_font=\u00bb|300|||||||\u00bb header_font_size=\u00bb46px\u00bb header_letter_spacing=\u00bb2px\u00bb animation_style=\u00bbfade\u00bb global_colors_info=\u00bb{}\u00bb]<\/p>\n<h1>Proyectos<\/h1>\n<p>[\/et_pb_text][\/et_pb_column][\/et_pb_row][et_pb_row column_structure=\u00bb1_2,1_2&#8243; _builder_version=\u00bb4.27.0&#8243; _module_preset=\u00bbdefault\u00bb custom_margin=\u00bb||0px||false|false\u00bb custom_padding=\u00bb||0px||false|false\u00bb global_colors_info=\u00bb{}\u00bb][et_pb_column type=\u00bb1_2&#8243; _builder_version=\u00bb4.27.0&#8243; _module_preset=\u00bbdefault\u00bb custom_padding=\u00bb||||false|false\u00bb global_colors_info=\u00bb{}\u00bb][et_pb_text _builder_version=\u00bb4.27.4&#8243; _module_preset=\u00bbdefault\u00bb text_font_size=\u00bb18px\u00bb text_line_height=\u00bb1.8em\u00bb hover_enabled=\u00bb0&#8243; global_colors_info=\u00bb{}\u00bb sticky_enabled=\u00bb0&#8243;]<\/p>\n<p>A lo largo de sus m\u00e1s de 40 a\u00f1os de actividad, MUSEOGR\u00c1FICA ha realizado la planeaci\u00f3n, dise\u00f1o y producci\u00f3n de las exposiciones permanentes de algunos de los principales museos de M\u00e9xico y de otros pa\u00edses, que abarcan una amplia variedad de tipolog\u00edas, temas y dimensiones.<\/p>\n<p>[\/et_pb_text][\/et_pb_column][et_pb_column type=\u00bb1_2&#8243; _builder_version=\u00bb4.27.0&#8243; _module_preset=\u00bbdefault\u00bb global_colors_info=\u00bb{}\u00bb][\/et_pb_column][\/et_pb_row][\/et_pb_section][et_pb_section fb_built=\u00bb1&#8243; _builder_version=\u00bb4.27.0&#8243; _module_preset=\u00bbdefault\u00bb global_colors_info=\u00bb{}\u00bb][et_pb_row _builder_version=\u00bb4.27.0&#8243; _module_preset=\u00bbdefault\u00bb global_colors_info=\u00bb{}\u00bb][et_pb_column type=\u00bb4_4&#8243; _builder_version=\u00bb4.27.0&#8243; _module_preset=\u00bbdefault\u00bb global_colors_info=\u00bb{}\u00bb][et_pb_filterable_portfolio fullwidth=\u00bboff\u00bb posts_number=\u00bb32&#8243; include_categories=\u00bb20&#8243; show_categories=\u00bboff\u00bb zoom_icon_color=\u00bb#F2EFEF\u00bb hover_overlay_color=\u00bbrgba(54,55,56,0.6)\u00bb hover_icon=\u00bbL||divi||400&#8243; module_class=\u00bbthree-column-portfolio\u00bb _builder_version=\u00bb4.27.4&#8243; _module_preset=\u00bbdefault\u00bb custom_css_portfolio_filters=\u00bbdisplay: none!important;\u00bb global_colors_info=\u00bb{}\u00bb][\/et_pb_filterable_portfolio][\/et_pb_column][\/et_pb_row][\/et_pb_section]<\/p>\n","protected":false},"excerpt":{"rendered":"<p>40 a\u00f1os de experienciaProyectosA lo largo de sus m\u00e1s de 40 a\u00f1os de actividad, MUSEOGR\u00c1FICA ha realizado la planeaci\u00f3n, dise\u00f1o y producci\u00f3n de las exposiciones permanentes de algunos de los principales museos de M\u00e9xico y de otros pa\u00edses, que abarcan una amplia variedad de tipolog\u00edas, temas y dimensiones.<\/p>\n","protected":false},"author":1,"featured_media":0,"parent":0,"menu_order":0,"comment_status":"closed","ping_status":"closed","template":"","meta":{"_et_pb_use_builder":"on","_et_pb_old_content":"","_et_gb_content_width":"","footnotes":""},"class_list":["post-372006","page","type-page","status-publish","hentry"],"_links":{"self":[{"href":"https:\/\/museografica.com\/es\/wp-json\/wp\/v2\/pages\/372006","targetHints":{"allow":["GET"]}}],"collection":[{"href":"https:\/\/museografica.com\/es\/wp-json\/wp\/v2\/pages"}],"about":[{"href":"https:\/\/museografica.com\/es\/wp-json\/wp\/v2\/types\/page"}],"author":[{"embeddable":true,"href":"https:\/\/museografica.com\/es\/wp-json\/wp\/v2\/users\/1"}],"replies":[{"embeddable":true,"href":"https:\/\/museografica.com\/es\/wp-json\/wp\/v2\/comments?post=372006"}],"version-history":[{"count":4,"href":"https:\/\/museografica.com\/es\/wp-json\/wp\/v2\/pages\/372006\/revisions"}],"predecessor-version":[{"id":372311,"href":"https:\/\/museografica.com\/es\/wp-json\/wp\/v2\/pages\/372006\/revisions\/372311"}],"wp:attachment":[{"href":"https:\/\/museografica.com\/es\/wp-json\/wp\/v2\/media?parent=372006"}],"curies":[{"name":"wp","href":"https:\/\/api.w.org\/{rel}","templated":true}]}}