{"id":372009,"date":"2024-09-25T21:53:06","date_gmt":"2024-09-25T21:53:06","guid":{"rendered":"https:\/\/museografica.com\/mus-stage\/servicios\/"},"modified":"2025-06-04T19:07:58","modified_gmt":"2025-06-04T19:07:58","slug":"servicios","status":"publish","type":"page","link":"https:\/\/museografica.com\/es\/servicios\/","title":{"rendered":"Servicios"},"content":{"rendered":"<p>[et_pb_section fb_built=\u00bb1&#8243; custom_padding_last_edited=\u00bbon|desktop\u00bb _builder_version=\u00bb4.27.2&#8243; _module_preset=\u00bbdefault\u00bb background_image=\u00bbhttps:\/\/museografica.com\/wp-content\/uploads\/2025\/01\/pabellon-olimpico-highlight.jpg\u00bb background_enable_mask_style=\u00bbon\u00bb background_mask_style=\u00bbcorner-square\u00bb custom_padding=\u00bb||12px||false|false\u00bb custom_padding_tablet=\u00bb||12px||false|false\u00bb custom_padding_phone=\u00bb||0px||false|false\u00bb background_last_edited=\u00bbon|desktop\u00bb background_enable_image_tablet=\u00bboff\u00bb global_colors_info=\u00bb{}\u00bb][et_pb_row _builder_version=\u00bb4.27.0&#8243; _module_preset=\u00bbdefault\u00bb global_colors_info=\u00bb{}\u00bb][et_pb_column type=\u00bb4_4&#8243; _builder_version=\u00bb4.27.0&#8243; _module_preset=\u00bbdefault\u00bb global_colors_info=\u00bb{}\u00bb][et_pb_text _builder_version=\u00bb4.27.4&#8243; _module_preset=\u00bbdefault\u00bb custom_margin=\u00bb||0px||false|false\u00bb custom_padding=\u00bb||0px||false|false\u00bb hover_enabled=\u00bb0&#8243; global_colors_info=\u00bb{}\u00bb sticky_enabled=\u00bb0&#8243;][\/et_pb_text][et_pb_text _builder_version=\u00bb4.27.0&#8243; _module_preset=\u00bbdefault\u00bb header_font=\u00bb|300|||||||\u00bb header_font_size=\u00bb46px\u00bb header_letter_spacing=\u00bb2px\u00bb animation_style=\u00bbfade\u00bb global_colors_info=\u00bb{}\u00bb]<\/p>\n<h1>Servicios<\/h1>\n<p>[\/et_pb_text][\/et_pb_column][\/et_pb_row][et_pb_row column_structure=\u00bb1_2,1_2&#8243; _builder_version=\u00bb4.27.0&#8243; _module_preset=\u00bbdefault\u00bb custom_margin=\u00bb||0px||false|false\u00bb custom_padding=\u00bb||0px||false|false\u00bb global_colors_info=\u00bb{}\u00bb][et_pb_column type=\u00bb1_2&#8243; _builder_version=\u00bb4.27.0&#8243; _module_preset=\u00bbdefault\u00bb custom_padding=\u00bb||||false|false\u00bb global_colors_info=\u00bb{}\u00bb][et_pb_text _builder_version=\u00bb4.27.4&#8243; _module_preset=\u00bbdefault\u00bb text_font_size=\u00bb18px\u00bb text_line_height=\u00bb1.8em\u00bb hover_enabled=\u00bb0&#8243; global_colors_info=\u00bb{}\u00bb sticky_enabled=\u00bb0&#8243;]<\/p>\n<p>Museogr\u00e1fica ofrece a sus clientes servicios integrales, abarcando todas las fases del proceso museogr\u00e1fico, desde los estudios de factibilidad iniciales hasta la puesta en operaci\u00f3n de las obras. Con exposiciones llave en mano y servicios especializados de consultor\u00eda y fabricaci\u00f3n, adaptamos nuestras ofertas para satisfacer las necesidades espec\u00edficas de su proyecto y presupuesto.<\/p>\n<p>[\/et_pb_text][\/et_pb_column][et_pb_column type=\u00bb1_2&#8243; _builder_version=\u00bb4.27.0&#8243; _module_preset=\u00bbdefault\u00bb global_colors_info=\u00bb{}\u00bb][\/et_pb_column][\/et_pb_row][\/et_pb_section][et_pb_section fb_built=\u00bb1&#8243; _builder_version=\u00bb4.27.2&#8243; _module_preset=\u00bbdefault\u00bb custom_padding=\u00bb8px||8px||false|false\u00bb global_colors_info=\u00bb{}\u00bb collapsed=\u00bbon\u00bb][et_pb_row _builder_version=\u00bb4.27.2&#8243; _module_preset=\u00bbdefault\u00bb custom_padding=\u00bb||0px||false|false\u00bb global_colors_info=\u00bb{}\u00bb][et_pb_column type=\u00bb4_4&#8243; _builder_version=\u00bb4.27.2&#8243; _module_preset=\u00bbdefault\u00bb global_colors_info=\u00bb{}\u00bb][dipl_separator use_with=\u00bbtext\u00bb seprator_thickness=\u00bb1px\u00bb separator_color=\u00bb#D9D7D7&#8243; _builder_version=\u00bb4.27.2&#8243; _module_preset=\u00bbdefault\u00bb global_colors_info=\u00bb{}\u00bb]<\/p>\n<h2>Planeaci\u00f3n<\/h2>\n<p>[\/dipl_separator][\/et_pb_column][\/et_pb_row][et_pb_row column_structure=\u00bb1_2,1_2&#8243; _builder_version=\u00bb4.27.2&#8243; _module_preset=\u00bbdefault\u00bb custom_margin=\u00bb8px||8px||false|false\u00bb custom_padding=\u00bb8px||8px||false|false\u00bb global_colors_info=\u00bb{}\u00bb][et_pb_column type=\u00bb1_2&#8243; _builder_version=\u00bb4.27.2&#8243; _module_preset=\u00bbdefault\u00bb global_colors_info=\u00bb{}\u00bb][et_pb_image src=\u00bbhttps:\/\/museografica.com\/wp-content\/uploads\/2025\/01\/MAPjpg-scaled.jpg\u00bb title_text=\u00bbMAPjpg\u00bb _builder_version=\u00bb4.27.2&#8243; _module_preset=\u00bbdefault\u00bb global_colors_info=\u00bb{}\u00bb][\/et_pb_image][\/et_pb_column][et_pb_column type=\u00bb1_2&#8243; _builder_version=\u00bb4.27.2&#8243; _module_preset=\u00bbdefault\u00bb global_colors_info=\u00bb{}\u00bb][et_pb_text _builder_version=\u00bb4.27.4&#8243; _module_preset=\u00bbdefault\u00bb hover_enabled=\u00bb0&#8243; global_colors_info=\u00bb{}\u00bb sticky_enabled=\u00bb0&#8243;]<\/p>\n<ul>\n<li class=\"whitespace-normal break-words\" index=\"0\">Planes maestros<\/li>\n<li class=\"whitespace-normal break-words\" index=\"1\">Estrategia e innovaci\u00f3n<\/li>\n<li class=\"whitespace-normal break-words\" index=\"2\">Conceptualizaci\u00f3n<\/li>\n<li class=\"whitespace-normal break-words\" index=\"3\">Definici\u00f3n de contenidos<\/li>\n<li class=\"whitespace-normal break-words\" index=\"4\">Desarrollo de guiones<\/li>\n<li class=\"whitespace-normal break-words\" index=\"5\">Estimaci\u00f3n de costos<\/li>\n<li class=\"whitespace-normal break-words\" index=\"6\">Proyecciones operativas<\/li>\n<li class=\"whitespace-normal break-words\" index=\"7\">Gesti\u00f3n de proyectos<\/li>\n<li class=\"whitespace-normal break-words\" index=\"8\">Estudios de factibilidad<\/li>\n<li class=\"whitespace-normal break-words\" index=\"9\">Investigaci\u00f3n de audiencias<\/li>\n<\/ul>\n<p>[\/et_pb_text][\/et_pb_column][\/et_pb_row][\/et_pb_section][et_pb_section fb_built=\u00bb1&#8243; _builder_version=\u00bb4.27.2&#8243; _module_preset=\u00bbdefault\u00bb custom_padding=\u00bb8px||8px||false|false\u00bb global_colors_info=\u00bb{}\u00bb collapsed=\u00bbon\u00bb][et_pb_row _builder_version=\u00bb4.27.2&#8243; _module_preset=\u00bbdefault\u00bb custom_padding=\u00bb||0px||false|false\u00bb global_colors_info=\u00bb{}\u00bb][et_pb_column type=\u00bb4_4&#8243; _builder_version=\u00bb4.27.2&#8243; _module_preset=\u00bbdefault\u00bb global_colors_info=\u00bb{}\u00bb][dipl_separator use_with=\u00bbtext\u00bb seprator_thickness=\u00bb1px\u00bb separator_color=\u00bb#D9D7D7&#8243; _builder_version=\u00bb4.27.2&#8243; _module_preset=\u00bbdefault\u00bb global_colors_info=\u00bb{}\u00bb]<\/p>\n<h2>Dise\u00f1o y producci\u00f3n<\/h2>\n<p>[\/dipl_separator][\/et_pb_column][\/et_pb_row][et_pb_row column_structure=\u00bb1_2,1_2&#8243; _builder_version=\u00bb4.27.2&#8243; _module_preset=\u00bbdefault\u00bb custom_margin=\u00bb8px||8px||false|false\u00bb custom_padding=\u00bb8px||8px||false|false\u00bb global_colors_info=\u00bb{}\u00bb][et_pb_column type=\u00bb1_2&#8243; _builder_version=\u00bb4.27.2&#8243; _module_preset=\u00bbdefault\u00bb global_colors_info=\u00bb{}\u00bb][et_pb_image src=\u00bbhttps:\/\/museografica.com\/wp-content\/uploads\/2025\/01\/MUNAL-scaled.jpg\u00bb title_text=\u00bbMUNAL.\u00bb _builder_version=\u00bb4.27.4&#8243; _module_preset=\u00bbdefault\u00bb hover_enabled=\u00bb0&#8243; global_colors_info=\u00bb{}\u00bb sticky_enabled=\u00bb0&#8243;][\/et_pb_image][\/et_pb_column][et_pb_column type=\u00bb1_2&#8243; _builder_version=\u00bb4.27.2&#8243; _module_preset=\u00bbdefault\u00bb global_colors_info=\u00bb{}\u00bb][et_pb_text _builder_version=\u00bb4.27.4&#8243; _module_preset=\u00bbdefault\u00bb hover_enabled=\u00bb0&#8243; global_colors_info=\u00bb{}\u00bb sticky_enabled=\u00bb0&#8243;]<\/p>\n<ul>\n<li class=\"whitespace-normal break-words\" index=\"0\">Dise\u00f1o arquitect\u00f3nico<\/li>\n<li class=\"whitespace-normal break-words\" index=\"1\">Museograf\u00eda<\/li>\n<li class=\"whitespace-normal break-words\" index=\"2\">Dise\u00f1o de experiencias<\/li>\n<li class=\"whitespace-normal break-words\" index=\"3\">Dise\u00f1o gr\u00e1fico ambiental y se\u00f1al\u00e9tica<\/li>\n<li class=\"whitespace-normal break-words\" index=\"4\">Dise\u00f1o de iluminaci\u00f3n<\/li>\n<li class=\"whitespace-normal break-words\" index=\"5\">Integraci\u00f3n de medios interactivos (apps m\u00f3viles, realidad aumentada, video mapping)<\/li>\n<li class=\"whitespace-normal break-words\" index=\"9\">Desarrollo de experiencias guiadas (audiogu\u00edas, tours, contenidos interpretativos)<\/li>\n<li class=\"whitespace-normal break-words\" index=\"10\">Sistemas audiovisuales<\/li>\n<li>Fabricaci\u00f3n personalizada de vitrinas, pedestales y mobiliario museogr\u00e1fico<\/li>\n<li class=\"whitespace-normal break-words\" index=\"11\">Instalaci\u00f3n<\/li>\n<\/ul>\n<p>[\/et_pb_text][\/et_pb_column][\/et_pb_row][\/et_pb_section][et_pb_section fb_built=\u00bb1&#8243; _builder_version=\u00bb4.27.2&#8243; _module_preset=\u00bbdefault\u00bb custom_padding=\u00bb8px||8px||false|false\u00bb global_colors_info=\u00bb{}\u00bb collapsed=\u00bboff\u00bb][et_pb_row _builder_version=\u00bb4.27.2&#8243; _module_preset=\u00bbdefault\u00bb custom_padding=\u00bb||0px||false|false\u00bb global_colors_info=\u00bb{}\u00bb][et_pb_column type=\u00bb4_4&#8243; _builder_version=\u00bb4.27.2&#8243; _module_preset=\u00bbdefault\u00bb global_colors_info=\u00bb{}\u00bb][dipl_separator use_with=\u00bbtext\u00bb seprator_thickness=\u00bb1px\u00bb separator_color=\u00bb#D9D7D7&#8243; _builder_version=\u00bb4.27.4&#8243; _module_preset=\u00bbdefault\u00bb hover_enabled=\u00bb0&#8243; global_colors_info=\u00bb{}\u00bb sticky_enabled=\u00bb0&#8243;]<\/p>\n<h2>Servicios Adicionales<\/h2>\n<p>[\/dipl_separator][\/et_pb_column][\/et_pb_row][et_pb_row column_structure=\u00bb1_2,1_2&#8243; _builder_version=\u00bb4.27.2&#8243; _module_preset=\u00bbdefault\u00bb custom_margin=\u00bb8px||8px||false|false\u00bb custom_padding=\u00bb8px||8px||false|false\u00bb global_colors_info=\u00bb{}\u00bb][et_pb_column type=\u00bb1_2&#8243; _builder_version=\u00bb4.27.2&#8243; _module_preset=\u00bbdefault\u00bb global_colors_info=\u00bb{}\u00bb][et_pb_image src=\u00bbhttps:\/\/museografica.com\/wp-content\/uploads\/2025\/01\/gabriel-orozco-moma.jpg\u00bb title_text=\u00bbgabriel-orozco-moma\u00bb _builder_version=\u00bb4.27.4&#8243; _module_preset=\u00bbdefault\u00bb hover_enabled=\u00bb0&#8243; global_colors_info=\u00bb{}\u00bb sticky_enabled=\u00bb0&#8243;][\/et_pb_image][\/et_pb_column][et_pb_column type=\u00bb1_2&#8243; _builder_version=\u00bb4.27.2&#8243; _module_preset=\u00bbdefault\u00bb global_colors_info=\u00bb{}\u00bb][et_pb_text _builder_version=\u00bb4.27.4&#8243; _module_preset=\u00bbdefault\u00bb hover_enabled=\u00bb0&#8243; global_colors_info=\u00bb{}\u00bb sticky_enabled=\u00bb0&#8243;]<\/p>\n<ul>\n<li class=\"whitespace-normal break-words\" index=\"0\">Servicios de consultor\u00eda<\/li>\n<li class=\"whitespace-normal break-words\" index=\"1\">Renovaci\u00f3n y actualizaci\u00f3n de exposiciones<\/li>\n<li class=\"whitespace-normal break-words\" index=\"2\">Proyectos de fabricaci\u00f3n \u00fanicamente<\/li>\n<li class=\"whitespace-normal break-words\" index=\"3\">Capacitaci\u00f3n y apoyo al personal<\/li>\n<li class=\"whitespace-normal break-words\" index=\"4\">Planificaci\u00f3n de mantenimiento<\/li>\n<\/ul>\n<p>[\/et_pb_text][\/et_pb_column][\/et_pb_row][\/et_pb_section][et_pb_section fb_built=\u00bb1&#8243; admin_label=\u00bbBottom Space Divider\u00bb _builder_version=\u00bb4.27.2&#8243; _module_preset=\u00bbdefault\u00bb custom_margin=\u00bb||8px||false|false\u00bb custom_padding=\u00bb||8px||false|false\u00bb global_colors_info=\u00bb{}\u00bb collapsed=\u00bbon\u00bb][et_pb_row _builder_version=\u00bb4.27.2&#8243; _module_preset=\u00bbdefault\u00bb global_colors_info=\u00bb{}\u00bb][et_pb_column type=\u00bb4_4&#8243; _builder_version=\u00bb4.27.2&#8243; _module_preset=\u00bbdefault\u00bb global_colors_info=\u00bb{}\u00bb][et_pb_divider show_divider=\u00bboff\u00bb _builder_version=\u00bb4.27.2&#8243; _module_preset=\u00bbdefault\u00bb global_colors_info=\u00bb{}\u00bb][\/et_pb_divider][\/et_pb_column][\/et_pb_row][\/et_pb_section]<\/p>\n","protected":false},"excerpt":{"rendered":"<p>ServiciosMuseogr\u00e1fica ofrece a sus clientes servicios integrales, abarcando todas las fases del proceso museogr\u00e1fico, desde los estudios de factibilidad iniciales hasta la puesta en operaci\u00f3n de las obras. Con exposiciones llave en mano y servicios especializados de consultor\u00eda y fabricaci\u00f3n, adaptamos nuestras ofertas para satisfacer las necesidades espec\u00edficas de su proyecto y presupuesto.<div class=\"et_pb_module dipl_separator dipl_separator_0\">\n\t\t\t\t\n\t\t\t\t\n\t\t\t\t\n\t\t\t\t\n\t\t\t\t\n\t\t\t\t\n\t\t\t\t<div class=\"et_pb_module_inner\">\n\t\t\t\t\t<div class=\"dipl_separator_container align_none\">\n\t\t\t\t\t\t\t\t\t<div class=\"dipl_line dipl_line_before\"><\/div>\n\t\t\t\t\t\t\t\t\t\t\n\t\t\t\t\t\t\t\t\t\t\n\t\t\t\t\t\t\t\t\t\t\n\t\t\t\t\t\t\t\t\t<div class=\"dipl_line dipl_line_after\"><\/div>\n\t\t\t\t\t\t\t\t<\/div>\n\t\t\t\t<\/div>\n\t\t\t<\/div><\/p>\n","protected":false},"author":1,"featured_media":0,"parent":0,"menu_order":0,"comment_status":"closed","ping_status":"closed","template":"","meta":{"_et_pb_use_builder":"on","_et_pb_old_content":"","_et_gb_content_width":"","footnotes":""},"class_list":["post-372009","page","type-page","status-publish","hentry"],"_links":{"self":[{"href":"https:\/\/museografica.com\/es\/wp-json\/wp\/v2\/pages\/372009","targetHints":{"allow":["GET"]}}],"collection":[{"href":"https:\/\/museografica.com\/es\/wp-json\/wp\/v2\/pages"}],"about":[{"href":"https:\/\/museografica.com\/es\/wp-json\/wp\/v2\/types\/page"}],"author":[{"embeddable":true,"href":"https:\/\/museografica.com\/es\/wp-json\/wp\/v2\/users\/1"}],"replies":[{"embeddable":true,"href":"https:\/\/museografica.com\/es\/wp-json\/wp\/v2\/comments?post=372009"}],"version-history":[{"count":6,"href":"https:\/\/museografica.com\/es\/wp-json\/wp\/v2\/pages\/372009\/revisions"}],"predecessor-version":[{"id":372548,"href":"https:\/\/museografica.com\/es\/wp-json\/wp\/v2\/pages\/372009\/revisions\/372548"}],"wp:attachment":[{"href":"https:\/\/museografica.com\/es\/wp-json\/wp\/v2\/media?parent=372009"}],"curies":[{"name":"wp","href":"https:\/\/api.w.org\/{rel}","templated":true}]}}