{"id":372017,"date":"2024-09-25T23:54:05","date_gmt":"2024-09-25T23:54:05","guid":{"rendered":"https:\/\/museografica.com\/mus-stage\/equipo\/"},"modified":"2025-06-04T23:30:11","modified_gmt":"2025-06-04T23:30:11","slug":"equipo","status":"publish","type":"page","link":"https:\/\/museografica.com\/es\/equipo\/","title":{"rendered":"Equipo"},"content":{"rendered":"<p>[et_pb_section fb_built=\u00bb1&#8243; custom_padding_last_edited=\u00bbon|desktop\u00bb _builder_version=\u00bb4.27.2&#8243; _module_preset=\u00bbdefault\u00bb background_image=\u00bbhttps:\/\/museografica.com\/wp-content\/uploads\/2025\/01\/museo-memoria.jpg\u00bb background_enable_mask_style=\u00bbon\u00bb background_mask_style=\u00bbcorner-square\u00bb custom_padding=\u00bb||12px||false|false\u00bb custom_padding_tablet=\u00bb||12px||false|false\u00bb custom_padding_phone=\u00bb||0px||false|false\u00bb background_last_edited=\u00bbon|desktop\u00bb background_enable_image_tablet=\u00bboff\u00bb global_colors_info=\u00bb{}\u00bb][et_pb_row _builder_version=\u00bb4.27.0&#8243; _module_preset=\u00bbdefault\u00bb global_colors_info=\u00bb{}\u00bb][et_pb_column type=\u00bb4_4&#8243; _builder_version=\u00bb4.27.0&#8243; _module_preset=\u00bbdefault\u00bb global_colors_info=\u00bb{}\u00bb][et_pb_text _builder_version=\u00bb4.27.0&#8243; _module_preset=\u00bbdefault\u00bb custom_margin=\u00bb||0px||false|false\u00bb custom_padding=\u00bb||0px||false|false\u00bb global_colors_info=\u00bb{}\u00bb]<\/p>\n<h5>Expertos de M\u00faltiples disciplinas<\/h5>\n<p>[\/et_pb_text][et_pb_text _builder_version=\u00bb4.27.0&#8243; _module_preset=\u00bbdefault\u00bb header_font=\u00bb|300|||||||\u00bb header_font_size=\u00bb46px\u00bb header_letter_spacing=\u00bb2px\u00bb animation_style=\u00bbfade\u00bb global_colors_info=\u00bb{}\u00bb]<\/p>\n<h1>Nuestro equipo<\/h1>\n<p>[\/et_pb_text][\/et_pb_column][\/et_pb_row][et_pb_row column_structure=\u00bb1_2,1_2&#8243; _builder_version=\u00bb4.27.0&#8243; _module_preset=\u00bbdefault\u00bb custom_margin=\u00bb||0px||false|false\u00bb custom_padding=\u00bb||0px||false|false\u00bb global_colors_info=\u00bb{}\u00bb][et_pb_column type=\u00bb1_2&#8243; _builder_version=\u00bb4.27.0&#8243; _module_preset=\u00bbdefault\u00bb custom_padding=\u00bb||||false|false\u00bb global_colors_info=\u00bb{}\u00bb][et_pb_text _builder_version=\u00bb4.27.4&#8243; _module_preset=\u00bbdefault\u00bb text_font_size=\u00bb18px\u00bb text_line_height=\u00bb1.8em\u00bb global_colors_info=\u00bb{}\u00bb]<\/p>\n<p>Somos un selecto grupo de profesionales, integrado por muse\u00f3grafos, arquitectos, dise\u00f1adores gr\u00e1ficos, artistas visuales y expertos en multimedia, a cuyo cargo se encuentra la programaci\u00f3n, dise\u00f1o y supervisi\u00f3n de los proyectos que le son encomendados.<\/p>\n<p>[\/et_pb_text][\/et_pb_column][et_pb_column type=\u00bb1_2&#8243; _builder_version=\u00bb4.27.0&#8243; _module_preset=\u00bbdefault\u00bb global_colors_info=\u00bb{}\u00bb][\/et_pb_column][\/et_pb_row][\/et_pb_section][et_pb_section fb_built=\u00bb1&#8243; _builder_version=\u00bb4.27.0&#8243; _module_preset=\u00bbdefault\u00bb global_colors_info=\u00bb{}\u00bb][et_pb_row column_structure=\u00bb1_2,1_2&#8243; _builder_version=\u00bb4.27.0&#8243; _module_preset=\u00bbdefault\u00bb global_colors_info=\u00bb{}\u00bb][et_pb_column type=\u00bb1_2&#8243; _builder_version=\u00bb4.27.0&#8243; _module_preset=\u00bbdefault\u00bb global_colors_info=\u00bb{}\u00bb][et_pb_text _builder_version=\u00bb4.27.4&#8243; _module_preset=\u00bbdefault\u00bb hover_enabled=\u00bb0&#8243; global_colors_info=\u00bb{}\u00bb sticky_enabled=\u00bb0&#8243;]<\/p>\n<p>La experiencia conjunta de nuestros miembros comprende muchos a\u00f1os de actividades en los sectores p\u00fablico y privado, cubriendo pr\u00e1cticamente todos los aspectos del dise\u00f1o, planificaci\u00f3n, organizaci\u00f3n, promoci\u00f3n y operaci\u00f3n de museos.<\/p>\n<p>[\/et_pb_text][\/et_pb_column][et_pb_column type=\u00bb1_2&#8243; _builder_version=\u00bb4.27.0&#8243; _module_preset=\u00bbdefault\u00bb global_colors_info=\u00bb{}\u00bb][\/et_pb_column][\/et_pb_row][\/et_pb_section]<\/p>\n","protected":false},"excerpt":{"rendered":"<p>Expertos de M\u00faltiples disciplinasNuestro equipoSomos un selecto grupo de profesionales, integrado por muse\u00f3grafos, arquitectos, dise\u00f1adores gr\u00e1ficos, artistas visuales y expertos en multimedia, a cuyo cargo se encuentra la programaci\u00f3n, dise\u00f1o y supervisi\u00f3n de los proyectos que le son encomendados.La experiencia conjunta de nuestros miembros comprende muchos a\u00f1os de actividades en los sectores p\u00fablico y privado, [&hellip;]<\/p>\n","protected":false},"author":1,"featured_media":0,"parent":0,"menu_order":0,"comment_status":"closed","ping_status":"closed","template":"","meta":{"_et_pb_use_builder":"on","_et_pb_old_content":"","_et_gb_content_width":"","footnotes":""},"class_list":["post-372017","page","type-page","status-publish","hentry"],"_links":{"self":[{"href":"https:\/\/museografica.com\/es\/wp-json\/wp\/v2\/pages\/372017","targetHints":{"allow":["GET"]}}],"collection":[{"href":"https:\/\/museografica.com\/es\/wp-json\/wp\/v2\/pages"}],"about":[{"href":"https:\/\/museografica.com\/es\/wp-json\/wp\/v2\/types\/page"}],"author":[{"embeddable":true,"href":"https:\/\/museografica.com\/es\/wp-json\/wp\/v2\/users\/1"}],"replies":[{"embeddable":true,"href":"https:\/\/museografica.com\/es\/wp-json\/wp\/v2\/comments?post=372017"}],"version-history":[{"count":5,"href":"https:\/\/museografica.com\/es\/wp-json\/wp\/v2\/pages\/372017\/revisions"}],"predecessor-version":[{"id":372585,"href":"https:\/\/museografica.com\/es\/wp-json\/wp\/v2\/pages\/372017\/revisions\/372585"}],"wp:attachment":[{"href":"https:\/\/museografica.com\/es\/wp-json\/wp\/v2\/media?parent=372017"}],"curies":[{"name":"wp","href":"https:\/\/api.w.org\/{rel}","templated":true}]}}